{"id":706,"date":"2023-03-23T07:18:30","date_gmt":"2023-03-23T06:18:30","guid":{"rendered":"https:\/\/jobfarm.sk\/b%d0%b0%d0%ba%d0%b0%d0%bd%d1%81%d0%b8%d0%b8\/"},"modified":"2024-03-02T19:44:58","modified_gmt":"2024-03-02T18:44:58","slug":"job-offers","status":"publish","type":"page","link":"https:\/\/jobfarm.sk\/ru\/job-offers\/","title":{"rendered":"B\u0430\u043a\u0430\u043d\u0441\u0438\u0438"},"content":{"rendered":"","protected":false},"excerpt":{"rendered":"","protected":false},"author":1,"featured_media":0,"parent":0,"menu_order":0,"comment_status":"closed","ping_status":"closed","template":"template-1.php","meta":{"inline_featured_image":false,"footnotes":""},"class_list":["post-706","page","type-page","status-publish","hentry","entry"],"yoast_head":"<!-- This site is optimized with the Yoast SEO plugin v20.7 - https:\/\/yoast.com\/wordpress\/plugins\/seo\/ -->\n<title>B\u0430\u043a\u0430\u043d\u0441\u0438\u0438 | JOBFARM<\/title>\n<meta name=\"robots\" content=\"index, follow, max-snippet:-1, max-image-preview:large, max-video-preview:-1\" \/>\n<link rel=\"canonical\" href=\"https:\/\/jobfarm.sk\/ru\/job-offers\/\" \/>\n<meta property=\"og:locale\" content=\"ru_RU\" \/>\n<meta property=\"og:type\" content=\"article\" \/>\n<meta property=\"og:title\" content=\"B\u0430\u043a\u0430\u043d\u0441\u0438\u0438 | JOBFARM\" \/>\n<meta property=\"og:url\" content=\"https:\/\/jobfarm.sk\/ru\/job-offers\/\" \/>\n<meta property=\"og:site_name\" content=\"JOBFARM\" \/>\n<meta property=\"article:modified_time\" content=\"2024-03-02T18:44:58+00:00\" \/>\n<meta name=\"twitter:card\" content=\"summary_large_image\" \/>\n<script type=\"application\/ld+json\" class=\"yoast-schema-graph\">{\"@context\":\"https:\/\/schema.org\",\"@graph\":[{\"@type\":\"WebPage\",\"@id\":\"https:\/\/jobfarm.sk\/ru\/job-offers\/\",\"url\":\"https:\/\/jobfarm.sk\/ru\/job-offers\/\",\"name\":\"B\u0430\u043a\u0430\u043d\u0441\u0438\u0438 | JOBFARM\",\"isPartOf\":{\"@id\":\"https:\/\/jobfarm.sk\/#website\"},\"datePublished\":\"2023-03-23T06:18:30+00:00\",\"dateModified\":\"2024-03-02T18:44:58+00:00\",\"breadcrumb\":{\"@id\":\"https:\/\/jobfarm.sk\/ru\/job-offers\/#breadcrumb\"},\"inLanguage\":\"ru-RU\",\"potentialAction\":[{\"@type\":\"ReadAction\",\"target\":[\"https:\/\/jobfarm.sk\/ru\/job-offers\/\"]}]},{\"@type\":\"BreadcrumbList\",\"@id\":\"https:\/\/jobfarm.sk\/ru\/job-offers\/#breadcrumb\",\"itemListElement\":[{\"@type\":\"ListItem\",\"position\":1,\"name\":\"Domovsk\u00e1 str\u00e1nka\",\"item\":\"https:\/\/jobfarm.sk\/\"},{\"@type\":\"ListItem\",\"position\":2,\"name\":\"B\u0430\u043a\u0430\u043d\u0441\u0438\u0438\"}]},{\"@type\":\"WebSite\",\"@id\":\"https:\/\/jobfarm.sk\/#website\",\"url\":\"https:\/\/jobfarm.sk\/\",\"name\":\"JOBFARM.sk\",\"description\":\"Sme person\u00e1lno poradensk\u00e1 agent\u00fara\",\"publisher\":{\"@id\":\"https:\/\/jobfarm.sk\/#organization\"},\"alternateName\":\"JOB FARM\",\"potentialAction\":[{\"@type\":\"SearchAction\",\"target\":{\"@type\":\"EntryPoint\",\"urlTemplate\":\"https:\/\/jobfarm.sk\/?s={search_term_string}\"},\"query-input\":\"required name=search_term_string\"}],\"inLanguage\":\"ru-RU\"},{\"@type\":\"Organization\",\"@id\":\"https:\/\/jobfarm.sk\/#organization\",\"name\":\"JOBFARM.sk\",\"url\":\"https:\/\/jobfarm.sk\/\",\"logo\":{\"@type\":\"ImageObject\",\"inLanguage\":\"ru-RU\",\"@id\":\"https:\/\/jobfarm.sk\/#\/schema\/logo\/image\/\",\"url\":\"https:\/\/jobfarm.sk\/wp-content\/uploads\/2023\/03\/logo.svg\",\"contentUrl\":\"https:\/\/jobfarm.sk\/wp-content\/uploads\/2023\/03\/logo.svg\",\"width\":\"1024\",\"height\":\"1024\",\"caption\":\"JOBFARM.sk\"},\"image\":{\"@id\":\"https:\/\/jobfarm.sk\/#\/schema\/logo\/image\/\"}}]}<\/script>\n<!-- \/ Yoast SEO plugin. -->","yoast_head_json":{"title":"B\u0430\u043a\u0430\u043d\u0441\u0438\u0438 | JOBFARM","robots":{"index":"index","follow":"follow","max-snippet":"max-snippet:-1","max-image-preview":"max-image-preview:large","max-video-preview":"max-video-preview:-1"},"canonical":"https:\/\/jobfarm.sk\/ru\/job-offers\/","og_locale":"ru_RU","og_type":"article","og_title":"B\u0430\u043a\u0430\u043d\u0441\u0438\u0438 | JOBFARM","og_url":"https:\/\/jobfarm.sk\/ru\/job-offers\/","og_site_name":"JOBFARM","article_modified_time":"2024-03-02T18:44:58+00:00","twitter_card":"summary_large_image","schema":{"@context":"https:\/\/schema.org","@graph":[{"@type":"WebPage","@id":"https:\/\/jobfarm.sk\/ru\/job-offers\/","url":"https:\/\/jobfarm.sk\/ru\/job-offers\/","name":"B\u0430\u043a\u0430\u043d\u0441\u0438\u0438 | JOBFARM","isPartOf":{"@id":"https:\/\/jobfarm.sk\/#website"},"datePublished":"2023-03-23T06:18:30+00:00","dateModified":"2024-03-02T18:44:58+00:00","breadcrumb":{"@id":"https:\/\/jobfarm.sk\/ru\/job-offers\/#breadcrumb"},"inLanguage":"ru-RU","potentialAction":[{"@type":"ReadAction","target":["https:\/\/jobfarm.sk\/ru\/job-offers\/"]}]},{"@type":"BreadcrumbList","@id":"https:\/\/jobfarm.sk\/ru\/job-offers\/#breadcrumb","itemListElement":[{"@type":"ListItem","position":1,"name":"Domovsk\u00e1 str\u00e1nka","item":"https:\/\/jobfarm.sk\/"},{"@type":"ListItem","position":2,"name":"B\u0430\u043a\u0430\u043d\u0441\u0438\u0438"}]},{"@type":"WebSite","@id":"https:\/\/jobfarm.sk\/#website","url":"https:\/\/jobfarm.sk\/","name":"JOBFARM.sk","description":"Sme person\u00e1lno poradensk\u00e1 agent\u00fara","publisher":{"@id":"https:\/\/jobfarm.sk\/#organization"},"alternateName":"JOB FARM","potentialAction":[{"@type":"SearchAction","target":{"@type":"EntryPoint","urlTemplate":"https:\/\/jobfarm.sk\/?s={search_term_string}"},"query-input":"required name=search_term_string"}],"inLanguage":"ru-RU"},{"@type":"Organization","@id":"https:\/\/jobfarm.sk\/#organization","name":"JOBFARM.sk","url":"https:\/\/jobfarm.sk\/","logo":{"@type":"ImageObject","inLanguage":"ru-RU","@id":"https:\/\/jobfarm.sk\/#\/schema\/logo\/image\/","url":"https:\/\/jobfarm.sk\/wp-content\/uploads\/2023\/03\/logo.svg","contentUrl":"https:\/\/jobfarm.sk\/wp-content\/uploads\/2023\/03\/logo.svg","width":"1024","height":"1024","caption":"JOBFARM.sk"},"image":{"@id":"https:\/\/jobfarm.sk\/#\/schema\/logo\/image\/"}}]}},"_links":{"self":[{"href":"https:\/\/jobfarm.sk\/ru\/wp-json\/wp\/v2\/pages\/706","targetHints":{"allow":["GET"]}}],"collection":[{"href":"https:\/\/jobfarm.sk\/ru\/wp-json\/wp\/v2\/pages"}],"about":[{"href":"https:\/\/jobfarm.sk\/ru\/wp-json\/wp\/v2\/types\/page"}],"author":[{"embeddable":true,"href":"https:\/\/jobfarm.sk\/ru\/wp-json\/wp\/v2\/users\/1"}],"replies":[{"embeddable":true,"href":"https:\/\/jobfarm.sk\/ru\/wp-json\/wp\/v2\/comments?post=706"}],"version-history":[{"count":1,"href":"https:\/\/jobfarm.sk\/ru\/wp-json\/wp\/v2\/pages\/706\/revisions"}],"predecessor-version":[{"id":721,"href":"https:\/\/jobfarm.sk\/ru\/wp-json\/wp\/v2\/pages\/706\/revisions\/721"}],"wp:attachment":[{"href":"https:\/\/jobfarm.sk\/ru\/wp-json\/wp\/v2\/media?parent=706"}],"curies":[{"name":"wp","href":"https:\/\/api.w.org\/{rel}","templated":true}]}}